{"id":45,"date":"2017-02-16T09:17:12","date_gmt":"2017-02-16T08:17:12","guid":{"rendered":"http:\/\/mxajfmgl.preview.infomaniak.website\/?page_id=45"},"modified":"2023-12-05T07:17:57","modified_gmt":"2023-12-05T06:17:57","slug":"contact","status":"publish","type":"page","link":"https:\/\/mountain-grassroots.ch\/de\/contact\/","title":{"rendered":"KONTAKT"},"content":{"rendered":"<p>[et_pb_section fb_built=&#8221;1&#8243; _builder_version=&#8221;4.23&#8243; _module_preset=&#8221;default&#8221; min_height=&#8221;850.5px&#8221; custom_margin=&#8221;||50px|||&#8221; custom_padding=&#8221;50px||1px|||&#8221; global_colors_info=&#8221;{}&#8221;][et_pb_row _builder_version=&#8221;4.23.1&#8243; _module_preset=&#8221;default&#8221; custom_margin=&#8221;|auto|32px|auto||&#8221; custom_padding=&#8221;7px||5px|||&#8221; global_colors_info=&#8221;{}&#8221;][et_pb_column type=&#8221;4_4&#8243; _builder_version=&#8221;4.23&#8243; _module_preset=&#8221;default&#8221; global_colors_info=&#8221;{}&#8221;][et_pb_text _builder_version=&#8221;4.23&#8243; _module_preset=&#8221;default&#8221; custom_margin=&#8221;||-4px|||&#8221; custom_padding=&#8221;5px|||||&#8221; global_colors_info=&#8221;{}&#8221;]<\/p>\n<h2>In Kontakt bleiben<\/h2>\n<p>Unser Verein wurde 2019 gegr\u00fcndet und hat seinen Sitz in den Schweizer Bergen. Wir freuen uns auf deine\/Ihre Nachricht.<\/p>\n<p>[\/et_pb_text][\/et_pb_column][\/et_pb_row][et_pb_row column_structure=&#8221;1_2,1_2&#8243; _builder_version=&#8221;4.23.1&#8243; _module_preset=&#8221;default&#8221; custom_margin=&#8221;1px|auto|5px|auto||&#8221; custom_padding=&#8221;3px||4px|||&#8221; global_colors_info=&#8221;{}&#8221;][et_pb_column type=&#8221;1_2&#8243; _builder_version=&#8221;4.23&#8243; _module_preset=&#8221;default&#8221; global_colors_info=&#8221;{}&#8221;][et_pb_contact_form email=&#8221;info@mountain-grassroots.org&#8221; title=&#8221;Send us a message&#8221; custom_message=&#8221;Contact||et_pb_line_break_holder||%%Name%%||et_pb_line_break_holder||%%Email%%||et_pb_line_break_holder||%%Message%%&#8221; success_message=&#8221;Thank you!&#8221; _builder_version=&#8221;4.23.1&#8243; _module_preset=&#8221;default&#8221; _unique_id=&#8221;4e5c57cd-f373-45dc-8068-df5b5dbe13c4&#8243; title_font=&#8221;Quicksand||||||||&#8221; title_font_size=&#8221;14px&#8221; captcha_font=&#8221;Quicksand||||||||&#8221; global_colors_info=&#8221;{}&#8221;][et_pb_contact_field field_id=&#8221;Name&#8221; field_title=&#8221;Full Name&#8221; _builder_version=&#8221;4.23.1&#8243; global_colors_info=&#8221;{}&#8221; button_text_size__hover_enabled=&#8221;off&#8221; button_one_text_size__hover_enabled=&#8221;off&#8221; button_two_text_size__hover_enabled=&#8221;off&#8221; button_text_color__hover_enabled=&#8221;off&#8221; button_one_text_color__hover_enabled=&#8221;off&#8221; button_two_text_color__hover_enabled=&#8221;off&#8221; button_border_width__hover_enabled=&#8221;off&#8221; button_one_border_width__hover_enabled=&#8221;off&#8221; button_two_border_width__hover_enabled=&#8221;off&#8221; button_border_color__hover_enabled=&#8221;off&#8221; button_one_border_color__hover_enabled=&#8221;off&#8221; button_two_border_color__hover_enabled=&#8221;off&#8221; button_border_radius__hover_enabled=&#8221;off&#8221; button_one_border_radius__hover_enabled=&#8221;off&#8221; button_two_border_radius__hover_enabled=&#8221;off&#8221; button_letter_spacing__hover_enabled=&#8221;off&#8221; button_one_letter_spacing__hover_enabled=&#8221;off&#8221; button_two_letter_spacing__hover_enabled=&#8221;off&#8221; button_bg_color__hover_enabled=&#8221;off&#8221; button_one_bg_color__hover_enabled=&#8221;off&#8221; button_two_bg_color__hover_enabled=&#8221;off&#8221;][\/et_pb_contact_field][et_pb_contact_field field_id=&#8221;Email&#8221; field_title=&#8221;Email Address&#8221; field_type=&#8221;email&#8221; _builder_version=&#8221;4.23.1&#8243; global_colors_info=&#8221;{}&#8221; button_text_size__hover_enabled=&#8221;off&#8221; button_one_text_size__hover_enabled=&#8221;off&#8221; button_two_text_size__hover_enabled=&#8221;off&#8221; button_text_color__hover_enabled=&#8221;off&#8221; button_one_text_color__hover_enabled=&#8221;off&#8221; button_two_text_color__hover_enabled=&#8221;off&#8221; button_border_width__hover_enabled=&#8221;off&#8221; button_one_border_width__hover_enabled=&#8221;off&#8221; button_two_border_width__hover_enabled=&#8221;off&#8221; button_border_color__hover_enabled=&#8221;off&#8221; button_one_border_color__hover_enabled=&#8221;off&#8221; button_two_border_color__hover_enabled=&#8221;off&#8221; button_border_radius__hover_enabled=&#8221;off&#8221; button_one_border_radius__hover_enabled=&#8221;off&#8221; button_two_border_radius__hover_enabled=&#8221;off&#8221; button_letter_spacing__hover_enabled=&#8221;off&#8221; button_one_letter_spacing__hover_enabled=&#8221;off&#8221; button_two_letter_spacing__hover_enabled=&#8221;off&#8221; button_bg_color__hover_enabled=&#8221;off&#8221; button_one_bg_color__hover_enabled=&#8221;off&#8221; button_two_bg_color__hover_enabled=&#8221;off&#8221;][\/et_pb_contact_field][et_pb_contact_field field_id=&#8221;Message&#8221; field_title=&#8221;Message&#8221; field_type=&#8221;text&#8221; fullwidth_field=&#8221;on&#8221; _builder_version=&#8221;4.23.1&#8243; global_colors_info=&#8221;{}&#8221; button_text_size__hover_enabled=&#8221;off&#8221; button_one_text_size__hover_enabled=&#8221;off&#8221; button_two_text_size__hover_enabled=&#8221;off&#8221; button_text_color__hover_enabled=&#8221;off&#8221; button_one_text_color__hover_enabled=&#8221;off&#8221; button_two_text_color__hover_enabled=&#8221;off&#8221; button_border_width__hover_enabled=&#8221;off&#8221; button_one_border_width__hover_enabled=&#8221;off&#8221; button_two_border_width__hover_enabled=&#8221;off&#8221; button_border_color__hover_enabled=&#8221;off&#8221; button_one_border_color__hover_enabled=&#8221;off&#8221; button_two_border_color__hover_enabled=&#8221;off&#8221; button_border_radius__hover_enabled=&#8221;off&#8221; button_one_border_radius__hover_enabled=&#8221;off&#8221; button_two_border_radius__hover_enabled=&#8221;off&#8221; button_letter_spacing__hover_enabled=&#8221;off&#8221; button_one_letter_spacing__hover_enabled=&#8221;off&#8221; button_two_letter_spacing__hover_enabled=&#8221;off&#8221; button_bg_color__hover_enabled=&#8221;off&#8221; button_one_bg_color__hover_enabled=&#8221;off&#8221; button_two_bg_color__hover_enabled=&#8221;off&#8221;][\/et_pb_contact_field][\/et_pb_contact_form][\/et_pb_column][et_pb_column type=&#8221;1_2&#8243; _builder_version=&#8221;4.23&#8243; _module_preset=&#8221;default&#8221; global_colors_info=&#8221;{}&#8221;][et_pb_text _builder_version=&#8221;4.23&#8243; _module_preset=&#8221;default&#8221; text_font=&#8221;Quicksand||||||||&#8221; text_line_height=&#8221;1em&#8221; custom_padding=&#8221;0px|||||&#8221; global_colors_info=&#8221;{}&#8221;]<\/p>\n<p style=\"text-align: center;\">\n<p style=\"text-align: center;\">Mountain Grassroots Association<\/p>\n<p style=\"text-align: center;\">Via da Pazos 905B<\/p>\n<p style=\"text-align: center;\">7550 SCUOL<\/p>\n<p style=\"text-align: center;\">Schweiz<\/p>\n<p style=\"text-align: center;\"><a href=\"mailto:info@mountain-grasssroots.org\">info@mountain-grasssroots.org<\/a><\/p>\n<p style=\"text-align: center;\">www.mountain-grassroots.org<\/p>\n<p>[\/et_pb_text][\/et_pb_column][\/et_pb_row][et_pb_row _builder_version=&#8221;4.23.1&#8243; _module_preset=&#8221;default&#8221; custom_padding=&#8221;32px|||||&#8221; global_colors_info=&#8221;{}&#8221;][et_pb_column type=&#8221;4_4&#8243; _builder_version=&#8221;4.23.1&#8243; _module_preset=&#8221;default&#8221; global_colors_info=&#8221;{}&#8221;][et_pb_text _builder_version=&#8221;4.23.1&#8243; _module_preset=&#8221;default&#8221; custom_margin=&#8221;||-4px|||&#8221; custom_padding=&#8221;5px|||||&#8221; hover_enabled=&#8221;0&#8243; global_colors_info=&#8221;{}&#8221; sticky_enabled=&#8221;0&#8243;]<\/p>\n<h2>Newsletter<\/h2>\n<p>Melde dich f\u00fcr unseren Newsletter an und erfahre mehr \u00fcber unsere Projekte und T\u00e4tigkeiten!<\/p>\n<p>[\/et_pb_text][\/et_pb_column][\/et_pb_row][et_pb_row _builder_version=&#8221;4.23.1&#8243; _module_preset=&#8221;default&#8221; custom_margin=&#8221;1px|auto||auto||&#8221; custom_padding=&#8221;2px||0px|||&#8221; global_colors_info=&#8221;{}&#8221;][et_pb_column type=&#8221;4_4&#8243; _builder_version=&#8221;4.23.1&#8243; _module_preset=&#8221;default&#8221; global_colors_info=&#8221;{}&#8221;][et_pb_code _builder_version=&#8221;4.23.1&#8243; _module_preset=&#8221;default&#8221; custom_margin=&#8221;-3px|||||&#8221; global_colors_info=&#8221;{}&#8221;]<\/p>\n<form method=\"post\" action=\"https:\/\/newsletter.infomaniak.com\/external\/submit\" class=\"inf-form\" target=\"_blank\" data-trp-original-action=\"https:\/\/newsletter.infomaniak.com\/external\/submit\"><input type=\"email\" name=\"email\" style=\"display:none\" \/><input type=\"hidden\" name=\"key\" value=\"eyJpdiI6IjlyVHV0cnVIaXJjaHpmWUF5cG5udlVPWUhUMWN4bW1QS2plOXNBQ1U3Tjg9IiwidmFsdWUiOiJTVWVtOGR2SVZiRUVGRGNpaWk3N2g2UnM4ZDFMSjh4N0dBbFlNRWdOXC9zTT0iLCJtYWMiOiJkYzNmM2E3NTcxODFlMmZhYjNjZDc2MjQ4NGZmZjg4NDllOWYzODc1ZjE2MWFkZmMxNTRlZWRlZDNjOTU3YmI1In0=\"><input type=\"hidden\" name=\"webform_id\" value=\"5382\"><\/p>\n<style> .inf-main_6b5ce5a5aa1b506c66ece16c4cd9138d{ background-color:#f5f5f5; padding:25px 20px; margin:25px auto; } .inf-main_6b5ce5a5aa1b506c66ece16c4cd9138d .inf-content { margin-top:13px;} .inf-main_6b5ce5a5aa1b506c66ece16c4cd9138d h4, .inf-main_6b5ce5a5aa1b506c66ece16c4cd9138d span, .inf-main_6b5ce5a5aa1b506c66ece16c4cd9138d label, .inf-main_6b5ce5a5aa1b506c66ece16c4cd9138d input, .inf-main_6b5ce5a5aa1b506c66ece16c4cd9138d .inf-submit, .inf-main_6b5ce5a5aa1b506c66ece16c4cd9138d .inf-success p a { color:#555555; font-size:14px; } .inf-main_6b5ce5a5aa1b506c66ece16c4cd9138d h4{ font-size:18px; margin:0px 0px 13px 0px; } .inf-main_6b5ce5a5aa1b506c66ece16c4cd9138d h4, .inf-main_6b5ce5a5aa1b506c66ece16c4cd9138d label{ font-weight:bold; } .inf-main_6b5ce5a5aa1b506c66ece16c4cd9138d .inf-input { margin-bottom:7px; } .inf-main_6b5ce5a5aa1b506c66ece16c4cd9138d label { display:block;} .inf-main_6b5ce5a5aa1b506c66ece16c4cd9138d input{ height:35px; color:#999999; border: 1px solid #E9E9E9; border:none; padding-left:7px; } .inf-main_6b5ce5a5aa1b506c66ece16c4cd9138d .inf-input.inf-error label, .inf-main_6b5ce5a5aa1b506c66ece16c4cd9138d .inf-input.inf-error span.inf-message{ color: #cc0033; } .inf-main_6b5ce5a5aa1b506c66ece16c4cd9138d .inf-input.inf-error input{ border: 1px solid #cc0033; } .inf-main_6b5ce5a5aa1b506c66ece16c4cd9138d .inf-input input { width:100%;} .inf-main_6b5ce5a5aa1b506c66ece16c4cd9138d .inf-input.inf-error span.inf-message { display: block; } .inf-main_6b5ce5a5aa1b506c66ece16c4cd9138d .inf-submit { text-align:right;} .inf-main_6b5ce5a5aa1b506c66ece16c4cd9138d .inf-submit input{ background-color:#777777; color:#ffffff; border:none; font-weight: normal; height:auto; padding:7px; } .inf-main_6b5ce5a5aa1b506c66ece16c4cd9138d .inf-submit input.disabled{ opacity: 0.4; } .inf-btn { color: rgb(85, 85, 85); border: medium none; font-weight: normal; height: auto; padding: 7px; display: inline-block; background-color: white; box-shadow: 0px 1px 1px rgba(0, 0, 0, 0.24); border-radius: 2px; line-height: 1em; } .inf-rgpd { margin:25px 0px 15px 0px; color:#555555; } <\/style>\n<div class=\"inf-main_6b5ce5a5aa1b506c66ece16c4cd9138d\">\n<h4>Anmeldung<\/h4>\n<p> <span>F\u00fcr den Newsletter anmelden<\/span> <\/p>\n<div class=\"inf-success\" style=\"display:none\">\n<h4>Die Anmeldung war erfolgreich!<\/h4>\n<pee> <a href=\"#\" class=\"inf-btn\">\u00ab<\/a> <\/pee> <\/div>\n<div class=\"inf-content\">\n<div class=\"inf-input inf-input-text\"> <input type=\"text\" name=\"inf[3]\" data-inf-meta = \"3\" data-inf-error = \"Bitte geben Sie eine Zeichenkette an\" placeholder=\"Name\" > <\/div>\n<div class=\"inf-input inf-input-text\"> <input type=\"text\" name=\"inf[1]\" data-inf-meta = \"1\" data-inf-error = \"Bitte geben Sie eine E-Mail-Adresse an\" required=\"required\" placeholder=\"E-Mail\" > <\/div>\n<div class=\"inf-rgpd\">Die E-Mail-Adresse wird einzig genutzt, um unseren Newsletter mit Informationen \u00fcber unsere T\u00e4tigkeiten und Projekte zu senden<\/div>\n<div class=\"inf-submit\"> <input type=\"submit\" name=\"\" value=\"Best\u00e4tigen\"> <\/div>\n<\/p><\/div>\n<\/p><\/div>\n<\/p><input type=\"hidden\" name=\"trp-form-language\" value=\"de\"\/><\/form>\n<p>[\/et_pb_code][\/et_pb_column][\/et_pb_row][\/et_pb_section]<\/p>","protected":false},"excerpt":{"rendered":"<p>Stay in touch Our association was funded in 2019 and is based in the Swiss mountains. We are looking forward to receiving your message. Mountain Grassroots Association Via da Pazos 905B 7550 SCUOL Switzerland info@mountain-grasssroots.org www.mountain-grassroots.orgNewsletter Subscribe to our newsletter in German and learn more about our projects and activities!<\/p>","protected":false},"author":1,"featured_media":0,"parent":0,"menu_order":0,"comment_status":"closed","ping_status":"closed","template":"","meta":{"_et_pb_use_builder":"on","_et_pb_old_content":"","_et_gb_content_width":"","footnotes":""},"class_list":["post-45","page","type-page","status-publish","hentry"],"_links":{"self":[{"href":"https:\/\/mountain-grassroots.ch\/de\/wp-json\/wp\/v2\/pages\/45","targetHints":{"allow":["GET"]}}],"collection":[{"href":"https:\/\/mountain-grassroots.ch\/de\/wp-json\/wp\/v2\/pages"}],"about":[{"href":"https:\/\/mountain-grassroots.ch\/de\/wp-json\/wp\/v2\/types\/page"}],"author":[{"embeddable":true,"href":"https:\/\/mountain-grassroots.ch\/de\/wp-json\/wp\/v2\/users\/1"}],"replies":[{"embeddable":true,"href":"https:\/\/mountain-grassroots.ch\/de\/wp-json\/wp\/v2\/comments?post=45"}],"version-history":[{"count":27,"href":"https:\/\/mountain-grassroots.ch\/de\/wp-json\/wp\/v2\/pages\/45\/revisions"}],"predecessor-version":[{"id":29132,"href":"https:\/\/mountain-grassroots.ch\/de\/wp-json\/wp\/v2\/pages\/45\/revisions\/29132"}],"wp:attachment":[{"href":"https:\/\/mountain-grassroots.ch\/de\/wp-json\/wp\/v2\/media?parent=45"}],"curies":[{"name":"wp","href":"https:\/\/api.w.org\/{rel}","templated":true}]}}