{"id":39,"date":"2017-02-16T09:16:01","date_gmt":"2017-02-16T08:16:01","guid":{"rendered":"http:\/\/mxajfmgl.preview.infomaniak.website\/?page_id=39"},"modified":"2023-11-14T05:44:06","modified_gmt":"2023-11-14T04:44:06","slug":"portfolio","status":"publish","type":"page","link":"https:\/\/mountain-grassroots.ch\/de\/portfolio\/","title":{"rendered":"PROJEKTE"},"content":{"rendered":"<p>[et_pb_section fb_built=&#8221;1&#8243; _builder_version=&#8221;4.23&#8243; _module_preset=&#8221;default&#8221; custom_padding=&#8221;50px||0px|||&#8221; global_colors_info=&#8221;{}&#8221;][et_pb_row _builder_version=&#8221;4.23&#8243; _module_preset=&#8221;default&#8221; custom_padding=&#8221;0px||1px|||&#8221; global_colors_info=&#8221;{}&#8221;][et_pb_column type=&#8221;4_4&#8243; _builder_version=&#8221;4.23&#8243; _module_preset=&#8221;default&#8221; global_colors_info=&#8221;{}&#8221;][et_pb_text _builder_version=&#8221;4.23&#8243; _module_preset=&#8221;default&#8221; global_colors_info=&#8221;{}&#8221;]<\/p>\n<p>Die Biolandwirtschaft hat ein hohes Potenzial, zu einer sinnstiftenden Arbeit und Einkommensm\u00f6glichkeit f\u00fcr junge Menschen in Bergregionen beizutragen und so der Landflucht und Jugendarbeitslosigkeit entgegenzuwirken. Ausserdem verbindet die Biolandwirtschaft \u00f6kologische und umweltschonende Ans\u00e4tze und tr\u00e4gt somit, auf allen Ebenen, zur Erreichung der 17 Ziele f\u00fcr Nachhaltige Entwicklung (SDGs) bei.<\/p>\n<p>[\/et_pb_text][\/et_pb_column][\/et_pb_row][\/et_pb_section][et_pb_section fb_built=&#8221;1&#8243; _builder_version=&#8221;4.23&#8243; _module_preset=&#8221;default&#8221; custom_padding=&#8221;38px||3px|||&#8221; global_colors_info=&#8221;{}&#8221;][et_pb_row column_structure=&#8221;1_2,1_2&#8243; _builder_version=&#8221;4.23&#8243; _module_preset=&#8221;default&#8221; custom_padding=&#8221;0px||2px|||&#8221; global_colors_info=&#8221;{}&#8221;][et_pb_column type=&#8221;1_2&#8243; _builder_version=&#8221;4.23&#8243; _module_preset=&#8221;default&#8221; global_colors_info=&#8221;{}&#8221;][et_pb_text _builder_version=&#8221;4.23.1&#8243; _module_preset=&#8221;default&#8221; custom_margin=&#8221;-2px||-2px|||&#8221; hover_enabled=&#8221;0&#8243; global_colors_info=&#8221;{}&#8221; sticky_enabled=&#8221;0&#8243;]<\/p>\n<h2>Organic Bhutan Kampagne<span lang=\"EN-GB\"><\/span><\/h2>\n<p class=\" translation-block\">Organic Bhutan ist eine Online-Plattform f\u00fcr Sammelbestellungen von authentischen Bioprodukten aus Bhutan.<\/p>\n<p><span style=\"font-size: 14px;\">Mit einer Sammelbestellung f\u00f6rdern Kund:innen in der Schweiz Bio-Produzent:innen in Bhutan, bei der Vermarktung ihrer Produkte im Ausland. Kleinbauern und Kleinb\u00e4uerinnen tragen durch \u00f6kologische Anbaumethoden dazu bei, die unber\u00fchrte Bergwelt Bhutans zu sch\u00fctzen und bef\u00e4higen l\u00e4ndliche Dorfgemeinschaften, ihre Lebensbedingungen zu verbessern<\/span><\/p>\n<p>Unterst\u00fctze die Biobewegung in Bhutan mit einer Sammelbestellung und geniesse k\u00f6stliche Bioprodukte aus dem kleinen Himalaya K\u00f6nigreich.<\/p>\n<p>[\/et_pb_text][et_pb_button button_url=&#8221;http:\/\/www.organic-bhutan.ch&#8221; url_new_window=&#8221;on&#8221; button_text=&#8221;Go to online platform&#8221; button_alignment=&#8221;center&#8221; _builder_version=&#8221;4.23.1&#8243; _module_preset=&#8221;default&#8221; custom_margin=&#8221;23px|||||&#8221; global_colors_info=&#8221;{}&#8221;][\/et_pb_button][\/et_pb_column][et_pb_column type=&#8221;1_2&#8243; _builder_version=&#8221;4.23&#8243; _module_preset=&#8221;default&#8221; global_colors_info=&#8221;{}&#8221;][et_pb_image src=&#8221;https:\/\/mountain-grassroots.ch\/wp-content\/uploads\/2023\/11\/Turquoise_Pink_Logo_Organic_Bhutan-1.jpg&#8221; title_text=&#8221;Logo_Organic_Bhutan&#8221; url=&#8221;http:\/\/www.organic-bhutan.com&#8221; force_fullwidth=&#8221;on&#8221; _builder_version=&#8221;4.23&#8243; _module_preset=&#8221;default&#8221; custom_margin=&#8221;||0px|||&#8221; custom_padding=&#8221;0px|||28px||&#8221; global_colors_info=&#8221;{}&#8221;][\/et_pb_image][\/et_pb_column][\/et_pb_row][\/et_pb_section][et_pb_section fb_built=&#8221;1&#8243; _builder_version=&#8221;4.23&#8243; _module_preset=&#8221;default&#8221; min_height=&#8221;211px&#8221; custom_padding=&#8221;38px||50px|||&#8221; global_colors_info=&#8221;{}&#8221;][et_pb_row column_structure=&#8221;1_2,1_2&#8243; _builder_version=&#8221;4.23&#8243; _module_preset=&#8221;default&#8221; custom_margin=&#8221;-2px|auto||auto||&#8221; custom_padding=&#8221;0px||3px|||&#8221; global_colors_info=&#8221;{}&#8221;][et_pb_column type=&#8221;1_2&#8243; _builder_version=&#8221;4.23&#8243; _module_preset=&#8221;default&#8221; global_colors_info=&#8221;{}&#8221;][et_pb_slider _builder_version=&#8221;4.23.1&#8243; _module_preset=&#8221;default&#8221; background_image=&#8221;https:\/\/mountain-grassroots.ch\/wp-content\/uploads\/2023\/11\/20230823_100506-scaled.jpg&#8221; custom_button=&#8221;on&#8221; button_text_color=&#8221;#FFFFFF&#8221; button_border_width=&#8221;1px&#8221; button_border_color=&#8221;#FFFFFF&#8221; button_border_radius=&#8221;3px&#8221; button_font=&#8221;Quicksand||||||||&#8221; button_use_icon=&#8221;off&#8221; button_alignment=&#8221;center&#8221; width=&#8221;100%&#8221; module_alignment=&#8221;center&#8221; content_max_width=&#8221;100%&#8221; min_height=&#8221;329px&#8221; global_colors_info=&#8221;{}&#8221;][et_pb_slide heading=&#8221;Organic Exchange Switzerland 2023&#8243; button_text=&#8221;Learn more&#8221; button_link=&#8221;https:\/\/mountain-grassroots.ch\/organic-exchange-switzerland-2023\/&#8221; url_new_window=&#8221;on&#8221; use_bg_overlay=&#8221;on&#8221; use_text_overlay=&#8221;off&#8221; _builder_version=&#8221;4.23.1&#8243; _module_preset=&#8221;default&#8221; header_level=&#8221;h2&#8243; header_font=&#8221;Quicksand||||||||&#8221; header_text_align=&#8221;left&#8221; header_text_color=&#8221;#ffffff&#8221; header_font_size=&#8221;20px&#8221; body_font=&#8221;Quicksand||||||||&#8221; background_enable_color=&#8221;off&#8221; background_image=&#8221;https:\/\/mountain-grassroots.ch\/wp-content\/uploads\/2023\/11\/20230823_100506-scaled-e1699592993358.jpg&#8221; background_enable_image=&#8221;on&#8221; custom_button=&#8221;on&#8221; button_text_color=&#8221;#FFFFFF&#8221; button_border_width=&#8221;2px&#8221; button_border_color=&#8221;#FFFFFF&#8221; button_font=&#8221;Quicksand||||||||&#8221; button_use_icon=&#8221;off&#8221; button_alignment=&#8221;right&#8221; text_orientation=&#8221;left&#8221; global_colors_info=&#8221;{}&#8221; sticky_transition=&#8221;on&#8221;][\/et_pb_slide][et_pb_slide heading=&#8221;Organic Exchange Bhutan 2019&#8243; button_text=&#8221;Learn more&#8221; button_link=&#8221;https:\/\/mountain-grassroots.ch\/organic-exchange-bhutan-2019\/&#8221; url_new_window=&#8221;on&#8221; _builder_version=&#8221;4.23.1&#8243; _module_preset=&#8221;default&#8221; header_font=&#8221;Quicksand||||||||&#8221; header_text_align=&#8221;left&#8221; header_font_size=&#8221;20px&#8221; background_image=&#8221;https:\/\/mountain-grassroots.ch\/wp-content\/uploads\/2023\/11\/khemdro_sherabdorji37-scaled.jpg&#8221; background_enable_image=&#8221;on&#8221; custom_button=&#8221;on&#8221; button_text_color=&#8221;#FFFFFF&#8221; button_border_color=&#8221;#FFFFFF&#8221; button_alignment=&#8221;right&#8221; global_colors_info=&#8221;{}&#8221; sticky_transition=&#8221;on&#8221;][\/et_pb_slide][et_pb_slide heading=&#8221;Organic Exchange Switzerland 2019&#8243; button_text=&#8221;Learn more&#8221; button_link=&#8221;https:\/\/mountain-grassroots.ch\/organic-exchange-switzerland-2019\/&#8221; url_new_window=&#8221;on&#8221; _builder_version=&#8221;4.23.1&#8243; _module_preset=&#8221;default&#8221; header_font=&#8221;Quicksand||||||||&#8221; header_font_size=&#8221;20px&#8221; body_font=&#8221;Quicksand||||||||&#8221; background_image=&#8221;https:\/\/mountain-grassroots.ch\/wp-content\/uploads\/2023\/11\/scuol_TR1-scaled.jpg&#8221; background_enable_image=&#8221;on&#8221; custom_button=&#8221;on&#8221; button_text_color=&#8221;#FFFFFF&#8221; button_border_color=&#8221;#FFFFFF&#8221; button_alignment=&#8221;right&#8221; global_colors_info=&#8221;{}&#8221; sticky_transition=&#8221;on&#8221;][\/et_pb_slide][\/et_pb_slider][\/et_pb_column][et_pb_column type=&#8221;1_2&#8243; _builder_version=&#8221;4.23&#8243; _module_preset=&#8221;default&#8221; global_colors_info=&#8221;{}&#8221;][et_pb_text _builder_version=&#8221;4.23&#8243; _module_preset=&#8221;default&#8221; global_colors_info=&#8221;{}&#8221;]<\/p>\n<h2>Organic Exchange<\/h2>\n<p>Das Projekt Organic Exchange setzt sich zum Ziel die Biobewegung an der Basis zu st\u00e4rken und die Weiterentwicklung der Biolandwirtschaft in Bergregionen zu f\u00f6rdern. Durch gegenseitige Studienreisen und praxisorientierte Zusammenarbeit werden Ideen, Wissen und Knowhow zwischen Biob\u00e4uerinnen und Biobauern ausgetauscht. Berufliche F\u00e4higkeiten und Fertigkeiten werden dadurch gest\u00e4rkt und ein kontinuierlicher Wissenstransfer entsteht.<\/p>\n<p>[\/et_pb_text][\/et_pb_column][\/et_pb_row][\/et_pb_section]<\/p>","protected":false},"excerpt":{"rendered":"<p>Organic farming has great potential to contribute to meaningful employment and income generation for young people in mountainous regions, thus counteracting rural-urban migration and youth unemployment. Moreover, organic farming combines ecologically and environmentally sound approaches. These contribute to meeting the 17 Sustainable Development Goals (SDGs) at all levels.Organic Bhutan Campaign Organic Bhutan is an online [&hellip;]<\/p>","protected":false},"author":1,"featured_media":0,"parent":0,"menu_order":0,"comment_status":"closed","ping_status":"closed","template":"","meta":{"_et_pb_use_builder":"on","_et_pb_old_content":"","_et_gb_content_width":"","footnotes":""},"class_list":["post-39","page","type-page","status-publish","hentry"],"_links":{"self":[{"href":"https:\/\/mountain-grassroots.ch\/de\/wp-json\/wp\/v2\/pages\/39","targetHints":{"allow":["GET"]}}],"collection":[{"href":"https:\/\/mountain-grassroots.ch\/de\/wp-json\/wp\/v2\/pages"}],"about":[{"href":"https:\/\/mountain-grassroots.ch\/de\/wp-json\/wp\/v2\/types\/page"}],"author":[{"embeddable":true,"href":"https:\/\/mountain-grassroots.ch\/de\/wp-json\/wp\/v2\/users\/1"}],"replies":[{"embeddable":true,"href":"https:\/\/mountain-grassroots.ch\/de\/wp-json\/wp\/v2\/comments?post=39"}],"version-history":[{"count":22,"href":"https:\/\/mountain-grassroots.ch\/de\/wp-json\/wp\/v2\/pages\/39\/revisions"}],"predecessor-version":[{"id":29094,"href":"https:\/\/mountain-grassroots.ch\/de\/wp-json\/wp\/v2\/pages\/39\/revisions\/29094"}],"wp:attachment":[{"href":"https:\/\/mountain-grassroots.ch\/de\/wp-json\/wp\/v2\/media?parent=39"}],"curies":[{"name":"wp","href":"https:\/\/api.w.org\/{rel}","templated":true}]}}