{"id":36,"date":"2017-02-16T09:13:19","date_gmt":"2017-02-16T08:13:19","guid":{"rendered":"http:\/\/mxajfmgl.preview.infomaniak.website\/?page_id=36"},"modified":"2023-11-14T05:25:18","modified_gmt":"2023-11-14T04:25:18","slug":"home","status":"publish","type":"page","link":"https:\/\/mountain-grassroots.ch\/de\/","title":{"rendered":"HOME"},"content":{"rendered":"<p>[et_pb_section fb_built=&#8221;1&#8243; _builder_version=&#8221;4.23&#8243; _module_preset=&#8221;default&#8221; custom_padding=&#8221;50px||50px|||&#8221; global_colors_info=&#8221;{}&#8221;][et_pb_row _builder_version=&#8221;4.23&#8243; _module_preset=&#8221;default&#8221; custom_padding=&#8221;0px||1px|||&#8221; global_colors_info=&#8221;{}&#8221;][et_pb_column type=&#8221;4_4&#8243; _builder_version=&#8221;4.23&#8243; _module_preset=&#8221;default&#8221; global_colors_info=&#8221;{}&#8221;][et_pb_text _builder_version=&#8221;4.23&#8243; _module_preset=&#8221;default&#8221; global_colors_info=&#8221;{}&#8221;]<\/p>\n<h2>Menschen in Bergregionen arbeiten Hand in Hand<\/h2>\n<p>&nbsp;<\/p>\n<p>Mountain Grassroots Association hat das Ziel, einen Wissens-, Erfahrungs-, und Kulturaustausch an der Basis sowie die praktische Entwicklungszusammenarbeit zwischen der Schweiz und anderen Bergstaaten zu f\u00f6rdern.<\/p>\n<p>In vielen Bergregionen findet ein schnell voranschreitender Strukturwandel statt, der mit enormen gesellschaftlichen Herausforderungen (z.B. Landflucht) und Umweltproblemen einhergeht. Mountain Grassroots Association unterst\u00fctzt daher Menschen in Bergregionen selbstbestimmt ihre Lebensbedingungen zu verbessern und f\u00fcr ihre Umwelt Verantwortung zu \u00fcbernehmen.<\/p>\n<p>Der Ansatz basiert auf einen gleichwertigen Erfahrungs- und Knowhow-Austausch, der traditionelles und modernes Wissen gleichermassen ber\u00fccksichtigt. Durch Begegnungen auf gleicher Augenh\u00f6he, gemeinsame Erfahrungserlebnisse und praxisorientierte Zusammenarbeit werden neue Perspektiven und L\u00f6sungsm\u00f6glichkeiten entwickelt. \nLokales Wissen und Knowhow wird dadurch an der Basis gest\u00e4rkt.<\/p>\n<p>[\/et_pb_text][\/et_pb_column][\/et_pb_row][\/et_pb_section]<\/p>","protected":false},"excerpt":{"rendered":"<p>Mountain people work hand in hand &nbsp; Mountain Grassroots Association aims to promote the practical development of cooperation between Switzerland and other mountainous countries through the exchange of knowledge, experience, and culture at the grassroots level. Many mountainous regions are undergoing rapid structural changes, accompanied by enormous societal challenges (e.g. rural-urban migration) and environmental issues. [&hellip;]<\/p>","protected":false},"author":0,"featured_media":0,"parent":0,"menu_order":0,"comment_status":"closed","ping_status":"closed","template":"","meta":{"_et_pb_use_builder":"on","_et_pb_old_content":"","_et_gb_content_width":"","footnotes":""},"class_list":["post-36","page","type-page","status-publish","hentry"],"_links":{"self":[{"href":"https:\/\/mountain-grassroots.ch\/de\/wp-json\/wp\/v2\/pages\/36","targetHints":{"allow":["GET"]}}],"collection":[{"href":"https:\/\/mountain-grassroots.ch\/de\/wp-json\/wp\/v2\/pages"}],"about":[{"href":"https:\/\/mountain-grassroots.ch\/de\/wp-json\/wp\/v2\/types\/page"}],"replies":[{"embeddable":true,"href":"https:\/\/mountain-grassroots.ch\/de\/wp-json\/wp\/v2\/comments?post=36"}],"version-history":[{"count":9,"href":"https:\/\/mountain-grassroots.ch\/de\/wp-json\/wp\/v2\/pages\/36\/revisions"}],"predecessor-version":[{"id":29092,"href":"https:\/\/mountain-grassroots.ch\/de\/wp-json\/wp\/v2\/pages\/36\/revisions\/29092"}],"wp:attachment":[{"href":"https:\/\/mountain-grassroots.ch\/de\/wp-json\/wp\/v2\/media?parent=36"}],"curies":[{"name":"wp","href":"https:\/\/api.w.org\/{rel}","templated":true}]}}